{"id":328,"date":"2023-08-23T15:14:14","date_gmt":"2023-08-23T15:14:14","guid":{"rendered":"http:\/\/poultryimmunopathogenesis.com\/?page_id=328"},"modified":"2026-02-06T01:33:50","modified_gmt":"2026-02-06T01:33:50","slug":"enfermedades-infecciosas","status":"publish","type":"page","link":"http:\/\/poultryimmunopathogenesis.com\/index.php\/enfermedades-infecciosas\/","title":{"rendered":"Enfermedades Infecciosas"},"content":{"rendered":"\n<p style=\"font-size:26px\"><strong>Facultad de Medicina Veterinaria y Zootecnia <br>Universidad del Tolima<\/strong><\/p>\n\n\n\n<p class=\"has-medium-font-size\"><strong>DOCENTES<\/strong> <br><strong>Iang Schroniltgen Rond\u00f3n Barrag\u00e1n<\/strong><br>MVZ, MSc, PhD (isrondon@ut.edu.co) <\/p>\n\n\n\n<h2 class=\"wp-block-heading has-background\" style=\"background-color:#f2edc8;font-size:27px\">Conceptos b\u00e1sicos en enfermedades infecciosas<\/h2>\n\n\n\n<figure class=\"wp-block-embed is-type-video is-provider-youtube wp-block-embed-youtube wp-embed-aspect-4-3 wp-has-aspect-ratio\"><div class=\"wp-block-embed__wrapper\">\n<iframe loading=\"lazy\" title=\"Conceptos en Enfermedades infecciosas - MVZ-UT\" width=\"604\" height=\"453\" src=\"https:\/\/www.youtube.com\/embed\/8VBfVWa2FlQ?feature=oembed\" frameborder=\"0\" allow=\"accelerometer; autoplay; clipboard-write; encrypted-media; gyroscope; picture-in-picture; web-share\" referrerpolicy=\"strict-origin-when-cross-origin\" allowfullscreen><\/iframe>\n<\/div><\/figure>\n\n\n\n<h2 class=\"wp-block-heading\"><strong>Terminolog\u00eda b\u00e1sica<\/strong><\/h2>\n\n\n\n<p><strong>T\u00e9rminos<\/strong><br><\/p>\n\n\n\n<ol>\n<li>Abdominocentesis<\/li>\n\n\n\n<li>Acantosis<\/li>\n\n\n\n<li>Acrobustitis<\/li>\n\n\n\n<li>Adacria\/adalacrimia<\/li>\n\n\n\n<li>Adipsia<\/li>\n\n\n\n<li>Aerofagia<\/li>\n\n\n\n<li>Afagia<\/li>\n\n\n\n<li>Afasia<\/li>\n\n\n\n<li>Agalaxia<\/li>\n\n\n\n<li>Agammaglobulinemia<\/li>\n\n\n\n<li>Agenesia<\/li>\n\n\n\n<li>Alopecia<\/li>\n\n\n\n<li>Alotriofagia<\/li>\n\n\n\n<li>Amaurosis<\/li>\n\n\n\n<li>Amelia<\/li>\n\n\n\n<li>Anasarca<\/li>\n\n\n\n<li>Anemia<\/li>\n\n\n\n<li>Anestro<\/li>\n\n\n\n<li>Aneurisma<\/li>\n\n\n\n<li>Anisocoria<\/li>\n\n\n\n<li>Anosmia<\/li>\n\n\n\n<li>Anoxia<\/li>\n\n\n\n<li>Anquilosis<\/li>\n\n\n\n<li>Antracosis<\/li>\n\n\n\n<li>Anuria<\/li>\n\n\n\n<li>Aplasia<\/li>\n\n\n\n<li>Asbestosis<\/li>\n\n\n\n<li>Ascitis<\/li>\n\n\n\n<li>Ataxia<\/li>\n\n\n\n<li>Aton\u00eda intestinal<\/li>\n\n\n\n<li>Atopia<\/li>\n\n\n\n<li>Atresia<\/li>\n\n\n\n<li>Atrofia<\/li>\n\n\n\n<li>Azotemia<\/li>\n\n\n\n<li>Azoturia<\/li>\n\n\n\n<li>Blefaritis<\/li>\n\n\n\n<li>Blefarospasmo<\/li>\n\n\n\n<li>Borborismos<\/li>\n\n\n\n<li>Braquignatismo<\/li>\n\n\n\n<li>Bruxismo<\/li>\n\n\n\n<li>Bursitis<\/li>\n\n\n\n<li>Caquexia<\/li>\n\n\n\n<li>Cefal\u00f3pago<\/li>\n\n\n\n<li>Cefalotorac\u00f3pago<\/li>\n\n\n\n<li>Cetonuria<\/li>\n\n\n\n<li>Cetosis<\/li>\n\n\n\n<li>Cinetosis<\/li>\n\n\n\n<li>Claudicaci\u00f3n<\/li>\n\n\n\n<li>Co\u00e1gulo<\/li>\n\n\n\n<li>Colangiohepatitis<\/li>\n\n\n\n<li>Colangitis<\/li>\n\n\n\n<li>Colemia<\/li>\n\n\n\n<li>Colpitis<\/li>\n\n\n\n<li>Colporragia<\/li>\n\n\n\n<li>Condrodisplasia<\/li>\n\n\n\n<li>Costocondritis<\/li>\n\n\n\n<li>Criptorquidia<\/li>\n\n\n\n<li>Cristaluria<\/li>\n\n\n\n<li>Di\u00e1tesis hemorr\u00e1gica<\/li>\n\n\n\n<li>Discoespondilitis<\/li>\n\n\n\n<li>Disenteria<\/li>\n\n\n\n<li>Disfagia<\/li>\n\n\n\n<li>Disgenesia<\/li>\n\n\n\n<li>Dispepsia<\/li>\n\n\n\n<li>Displasia<\/li>\n\n\n\n<li>Disquexia<\/li>\n\n\n\n<li>Ectopia<\/li>\n\n\n\n<li>Ectropi\u00f3n<\/li>\n\n\n\n<li>Embolia<\/li>\n\n\n\n<li>Emesis<\/li>\n\n\n\n<li>Empiema<\/li>\n\n\n\n<li>Emprostotonos\/epistotonos<\/li>\n\n\n\n<li>Enterolitiasis<\/li>\n\n\n\n<li>Entropi\u00f3n<\/li>\n\n\n\n<li>Enuresis<\/li>\n\n\n\n<li>Epifora<\/li>\n\n\n\n<li>Epistaxis<\/li>\n\n\n\n<li>Epulis<\/li>\n\n\n\n<li>Equimosis<\/li>\n\n\n\n<li>Escoliosis<\/li>\n\n\n\n<li>Escorbuto<\/li>\n\n\n\n<li>Esofagitis<\/li>\n\n\n\n<li>Esplenitis<\/li>\n\n\n\n<li>Esplenomegalia<\/li>\n\n\n\n<li>Esteatorrea<\/li>\n\n\n\n<li>Esteatosis<\/li>\n\n\n\n<li>Estenosis<\/li>\n\n\n\n<li>Estertores<\/li>\n\n\n\n<li>Estrabismo<\/li>\n\n\n\n<li>Estranguria<\/li>\n\n\n\n<li>Exungulaci\u00f3n<\/li>\n\n\n\n<li>Fimosis<\/li>\n\n\n\n<li>Funiculitis<\/li>\n\n\n\n<li>Gastritis<\/li>\n\n\n\n<li>Gingivitis<\/li>\n\n\n\n<li>Glaucoma<\/li>\n\n\n\n<li>Gliosis<\/li>\n\n\n\n<li>Glositis<\/li>\n\n\n\n<li>Glucosuria<\/li>\n\n\n\n<li>Hematidrosis<\/li>\n\n\n\n<li>Hematocele<\/li>\n\n\n\n<li>Hematoquexia<\/li>\n\n\n\n<li>Hematuria<\/li>\n\n\n\n<li>Hemiplejia<\/li>\n\n\n\n<li>Hemoptisis<\/li>\n\n\n\n<li>Hemotorax<\/li>\n\n\n\n<li>Hepatomegalia<\/li>\n\n\n\n<li>Hernia<\/li>\n\n\n\n<li>Hidranencefalia<\/li>\n\n\n\n<li>Hidrocefalia<\/li>\n\n\n\n<li>Hidrocele<\/li>\n\n\n\n<li>Hidronefrosis<\/li>\n\n\n\n<li>Hidropesia<\/li>\n\n\n\n<li>Hidrotorax<\/li>\n\n\n\n<li>Hifema<\/li>\n\n\n\n<li>Higroma<\/li>\n\n\n\n<li>Hiperestesia<\/li>\n\n\n\n<li>Hiperhidrosis<\/li>\n\n\n\n<li>Hiperinsuflaci\u00f3n compensatoria<\/li>\n\n\n\n<li>Hiperlipidemia<\/li>\n\n\n\n<li>Hipermetr\u00eda<\/li>\n\n\n\n<li>Hipernatermia<\/li>\n\n\n\n<li>Hiperplasia<\/li>\n\n\n\n<li>Hipertrofia<\/li>\n\n\n\n<li>Hipocalcemia<\/li>\n\n\n\n<li>Hipocalemia<\/li>\n\n\n\n<li>Hiponatremia<\/li>\n\n\n\n<li>Hipopi\u00f3n<\/li>\n\n\n\n<li>Hiporreflexia<\/li>\n\n\n\n<li>Hipostenuria<\/li>\n\n\n\n<li>Ictericia<\/li>\n\n\n\n<li>Ictiosis<\/li>\n\n\n\n<li>Idiosincrasia<\/li>\n\n\n\n<li>Ileo<\/li>\n\n\n\n<li>Intususcepci\u00f3n<\/li>\n\n\n\n<li>Isostenuria<\/li>\n\n\n\n<li>Isquemia<\/li>\n\n\n\n<li>Laminitis<\/li>\n\n\n\n<li>Linfadenitis<\/li>\n\n\n\n<li>Linfadenomegalia<\/li>\n\n\n\n<li>Lipotimia<\/li>\n\n\n\n<li>Lordosis<\/li>\n\n\n\n<li>Mastitis<\/li>\n\n\n\n<li>Megaes\u00f3fago<\/li>\n\n\n\n<li>Melena<\/li>\n\n\n\n<li>Metastasis<\/li>\n\n\n\n<li>Metritis<\/li>\n\n\n\n<li>Miastenia<\/li>\n\n\n\n<li>Natriuresis<\/li>\n\n\n\n<li>Neumocistograf\u00eda<\/li>\n\n\n\n<li>Neumotorax<\/li>\n\n\n\n<li>Nictalopia<\/li>\n\n\n\n<li>Nicturia<\/li>\n\n\n\n<li>Nistagmo<\/li>\n\n\n\n<li>Oftalmorrexis<\/li>\n\n\n\n<li>Oliguemia<\/li>\n\n\n\n<li>Onfalitis<\/li>\n\n\n\n<li>Onfaloflebitis<\/li>\n\n\n\n<li>Ooforitis<\/li>\n\n\n\n<li>Opist\u00f3tonos<\/li>\n\n\n\n<li>Orquitis<\/li>\n\n\n\n<li>Ortotonos<\/li>\n\n\n\n<li>Oste\u00edtis<\/li>\n\n\n\n<li>Osteofito<\/li>\n\n\n\n<li>Otitis<\/li>\n\n\n\n<li>Palatosquisis<\/li>\n\n\n\n<li>Paniculitis<\/li>\n\n\n\n<li>Panoftalmitis<\/li>\n\n\n\n<li>P\u00e1pula<\/li>\n\n\n\n<li>Parafimosis<\/li>\n\n\n\n<li>Paraparesia<\/li>\n\n\n\n<li>Paraplejia<\/li>\n\n\n\n<li>Parotiditis<\/li>\n\n\n\n<li>P\u00e9nfigo<\/li>\n\n\n\n<li>Pielectasia<\/li>\n\n\n\n<li>Pielonefritis<\/li>\n\n\n\n<li>Pioderma<\/li>\n\n\n\n<li>Piometra<\/li>\n\n\n\n<li>Piorrea<\/li>\n\n\n\n<li>Piotorax<\/li>\n\n\n\n<li>Piuria<\/li>\n\n\n\n<li>Pleures\u00eda<\/li>\n\n\n\n<li>Pleurodinia<\/li>\n\n\n\n<li>Poiquilocitosis<\/li>\n\n\n\n<li>Polaquiuria<\/li>\n\n\n\n<li>Polidipsia<\/li>\n\n\n\n<li>Polimelia<\/li>\n\n\n\n<li>Poliserositis<\/li>\n\n\n\n<li>Poliuria<\/li>\n\n\n\n<li>Postitis<\/li>\n\n\n\n<li>Priapismo<\/li>\n\n\n\n<li>Proctitis<\/li>\n\n\n\n<li>Prurito<\/li>\n\n\n\n<li>Ptialismo<\/li>\n\n\n\n<li>Ptosis<\/li>\n\n\n\n<li>Puerperio<\/li>\n\n\n\n<li>Queloide<\/li>\n\n\n\n<li>Quemosis<\/li>\n\n\n\n<li>Quilotorax<\/li>\n\n\n\n<li>Quiste<\/li>\n\n\n\n<li>Reticulitis<\/li>\n\n\n\n<li>Salpingitis<\/li>\n\n\n\n<li>Satelitosis<\/li>\n\n\n\n<li>Saturnismo<\/li>\n\n\n\n<li>Sialoadenitis<\/li>\n\n\n\n<li>Sialolitiasis<\/li>\n\n\n\n<li>Sialorrea<\/li>\n\n\n\n<li>Sibilancia<\/li>\n\n\n\n<li>Sincope<\/li>\n\n\n\n<li>Siringomielia<\/li>\n\n\n\n<li>Soplo<\/li>\n\n\n\n<li>Sugilaci\u00f3n<\/li>\n\n\n\n<li>Tendinitis<\/li>\n\n\n\n<li>Tenosinovitis<\/li>\n\n\n\n<li>Tesaurosis<\/li>\n\n\n\n<li>Tiflitis<\/li>\n\n\n\n<li>Torac\u00f3pago<\/li>\n\n\n\n<li>Tos<\/li>\n\n\n\n<li>Tricobezoar<\/li>\n\n\n\n<li>Tricorrexia<\/li>\n\n\n\n<li>Trombo<\/li>\n\n\n\n<li>Trombosis<\/li>\n\n\n\n<li>\u00dalcera<\/li>\n\n\n\n<li>Uremia<\/li>\n\n\n\n<li>Urolitiasis<\/li>\n\n\n\n<li>Vaginitis<\/li>\n\n\n\n<li>Varice<\/li>\n\n\n\n<li>V\u00f3lvulo<\/li>\n\n\n\n<li>Xerostom\u00eda<\/li>\n\n\n\n<li>Xifosis<\/li>\n<\/ol>\n\n\n\n<p><strong><br><\/strong><\/p>\n\n\n\n<h2 class=\"wp-block-heading\"><strong>LISTA DE ENFERMEDADES<\/strong><\/h2>\n\n\n\n<p><strong>BOVINOS<\/strong><\/p>\n\n\n\n<ol>\n<li>Fiebre Aftosa<\/li>\n\n\n\n<li>Estomatitis vesicular<\/li>\n\n\n\n<li>Edema maligno<\/li>\n\n\n\n<li>Carb\u00f3n bacteridiano<\/li>\n\n\n\n<li>Carb\u00f3n sintom\u00e1tico<\/li>\n\n\n\n<li>Brucelosis bovina<\/li>\n\n\n\n<li>Campilobacteriosis<\/li>\n\n\n\n<li>Rinotraqueitis infecciosa bovina<\/li>\n\n\n\n<li>Diarrea viral bovina<\/li>\n\n\n\n<li>Leptospirosis<\/li>\n\n\n\n<li>Parainfluenza<\/li>\n\n\n\n<li>Pasteurelosis<\/li>\n\n\n\n<li>Enfermedad respiratoria sincitial<\/li>\n\n\n\n<li>Rabia bovina<\/li>\n\n\n\n<li>Tuberculosis bovina<\/li>\n\n\n\n<li>Paratuberculosis bovina<\/li>\n\n\n\n<li>Leucosis viral bovina<\/li>\n\n\n\n<li>Mastitis<\/li>\n\n\n\n<li>Necrobacilosis<\/li>\n\n\n\n<li>Actinomicosis<\/li>\n\n\n\n<li>Papilomatosis<\/li>\n\n\n\n<li>Dermatomicosis bovina<\/li>\n\n\n\n<li>Diarrea neonatal aguda indiferenciada<\/li>\n\n\n\n<li>Aspergilosis y candidiasis<\/li>\n\n\n\n<li>Babesiosis y anaplasmosis<\/li>\n\n\n\n<li>Pasteurelosis ovina\/caprina<\/li>\n\n\n\n<li>Ectima contagioso<\/li>\n\n\n\n<li>Artritis y encefalitis caprina<\/li>\n\n\n\n<li>Paratuberculosis ovina\/caprina<\/li>\n\n\n\n<li>Enfermedades vesiculares porcina (aftosa, exantema, senecavirus A)<\/li>\n\n\n\n<li>Brucelosis porcina<\/li>\n\n\n\n<li>Circovirus porcino<\/li>\n\n\n\n<li>Aujeszky<\/li>\n\n\n\n<li>Erisipela<\/li>\n\n\n\n<li>Lawsonia intracelularis<\/li>\n\n\n\n<li>Leptospirosis porcina<\/li>\n\n\n\n<li>Parvovirosis porcina<\/li>\n\n\n\n<li>Pasteurelosis porcina<\/li>\n\n\n\n<li>Mycoplasmosis porcina<\/li>\n\n\n\n<li>Pleuroneumonia enzootica porcina<\/li>\n\n\n\n<li>Peste porcina cl\u00e1sica<\/li>\n\n\n\n<li>Salmonelosis y Colibacilosis<\/li>\n\n\n\n<li>S\u00edndrome reproductivo y respiratorio porcino<\/li>\n\n\n\n<li>Anemia infecciosa equina<\/li>\n\n\n\n<li>Encefalitis equina venezolana<\/li>\n\n\n\n<li>Rabia Equina<\/li>\n\n\n\n<li>Influenza Equina<\/li>\n\n\n\n<li>Estreptococosis Equina<\/li>\n\n\n\n<li>Enterotoxemia<\/li>\n\n\n\n<li>Enteropat\u00eda perdedora de prote\u00ednas (Lawsonia intracelullaris)<\/li>\n\n\n\n<li>T\u00e9tano<\/li>\n\n\n\n<li>Rinoneumonitis equina<\/li>\n\n\n\n<li>Leptospirosis<\/li>\n\n\n\n<li>Rhodococosis<\/li>\n\n\n\n<li>Ficomicosis equina<\/li>\n\n\n\n<li>Mieloencefalitis protozoaria<\/li>\n\n\n\n<li>Parovirosis canina<\/li>\n\n\n\n<li>Coronavirosis canina<\/li>\n\n\n\n<li>Distemper canino<\/li>\n\n\n\n<li>Kennel Cough<\/li>\n\n\n\n<li>Ehrlichiosis canina<\/li>\n\n\n\n<li>Babesiosis canina<\/li>\n\n\n\n<li>Enfermedad de Lyme<\/li>\n\n\n\n<li>Anaplasmosis canina<\/li>\n\n\n\n<li>Leishmaniasis canina<\/li>\n\n\n\n<li>Bartonellosis canina<\/li>\n\n\n\n<li>Leptospirosis canina<\/li>\n\n\n\n<li>Hemobartonelosis<\/li>\n\n\n\n<li>Hepatozoonosis canina<\/li>\n\n\n\n<li>Rabia canina<\/li>\n\n\n\n<li>Campilobacteriosis<\/li>\n\n\n\n<li>Dermatomicosis<\/li>\n\n\n\n<li>Leucemia viral felina<\/li>\n\n\n\n<li>Panleucopenia felina<\/li>\n\n\n\n<li>Peritonitis infecciosa felina (PIF)<\/li>\n\n\n\n<li>Complejo respiratorio felino<\/li>\n\n\n\n<li>Estreptococosis<\/li>\n\n\n\n<li>Septicemia hemorr\u00e1gica<\/li>\n\n\n\n<li>Edwardsielosis<\/li>\n\n\n\n<li>Aeromoniasis<\/li>\n\n\n\n<li>Columnariosis<\/li>\n\n\n\n<li>Enfermedades de Silvestres<\/li>\n<\/ol>\n\n\n\n<h2 class=\"wp-block-heading has-background\" style=\"background-color:#dde3f7\">Bolet\u00edn Interactivo ICA<\/h2>\n\n\n\n<p style=\"font-size:24px\">El bolet\u00edn interactivo del ICA se encuentra en la pagina oficial www.ica.gov.co, se puede acceder dando click <a href=\"https:\/\/app.powerbi.com\/view?r=eyJrIjoiYjY4YjBjNDYtZWUwZi00MjFlLTljZjEtOGQyYzg5OWM5NjUxIiwidCI6ImI3YWVkYTBjLTY0Y2QtNDlkMi05YTRkLTMwNjIzNjc0MzJlMyIsImMiOjR9\">AQUI<\/a><\/p>\n\n\n\n<p><\/p>\n\n\n\n<p><\/p>\n\n\n\n<h2 class=\"wp-block-heading has-background\" style=\"background-color:#f8ebeb\">Gu\u00eda Rabia &#8211; Instituto Nacional de Salud<\/h2>\n\n\n\n<div class=\"wp-block-file\"><object class=\"wp-block-file__embed\" data=\"http:\/\/poultryimmunopathogenesis.com\/wp-content\/uploads\/2023\/08\/Rabia-guia-practica-INS-2009-Enf-Infecciosas-UT.pdf\" type=\"application\/pdf\" style=\"width:100%;height:600px\" aria-label=\"Incrustado de Rabia-guia-practica-INS-2009-Enf-Infecciosas-UT.\"><\/object><a id=\"wp-block-file--media-402e1575-ffd7-4e4d-a6de-5534331cf30a\" href=\"http:\/\/poultryimmunopathogenesis.com\/wp-content\/uploads\/2023\/08\/Rabia-guia-practica-INS-2009-Enf-Infecciosas-UT.pdf\">Rabia-guia-practica-INS-2009-Enf-Infecciosas-UT<\/a><a href=\"http:\/\/poultryimmunopathogenesis.com\/wp-content\/uploads\/2023\/08\/Rabia-guia-practica-INS-2009-Enf-Infecciosas-UT.pdf\" class=\"wp-block-file__button wp-element-button\" download aria-describedby=\"wp-block-file--media-402e1575-ffd7-4e4d-a6de-5534331cf30a\">Descargar<\/a><\/div>\n\n\n\n<p><\/p>\n\n\n\n<h2 class=\"wp-block-heading has-background\" style=\"background-color:#dfedc7;font-size:31px;font-style:normal;font-weight:600\">Enfermedades Peque\u00f1os Animales\/Small animals diseases<\/h2>\n\n\n\n<p>Hola a todos aqu\u00ed remito el enlace para la descarga de las presentaciones de Enfermedades Infecciosas, correspondientes a Peque\u00f1os Animales. Se debe ingresar con el correo institucional para su descarga. Muchas gracias.<\/p>\n\n\n\n<p><a href=\"https:\/\/drive.google.com\/file\/d\/15e8OBIzU5KPAisLFDgePpQ-CigmgPA-F\/view?usp=sharing\">https:\/\/drive.google.com\/file\/d\/15e8OBIzU5KPAisLFDgePpQ-CigmgPA-F\/view?usp=sharing<\/a><\/p>\n","protected":false},"excerpt":{"rendered":"<p>Facultad de Medicina Veterinaria y Zootecnia Universidad del Tolima DOCENTES Iang Schroniltgen Rond\u00f3n Barrag\u00e1nMVZ, MSc, PhD (isrondon@ut.edu.co) Conceptos b\u00e1sicos en enfermedades infecciosas Terminolog\u00eda b\u00e1sica T\u00e9rminos LISTA DE ENFERMEDADES BOVINOS Bolet\u00edn Interactivo ICA El bolet\u00edn interactivo del ICA se encuentra en la pagina oficial www.ica.gov.co, se puede acceder dando click AQUI Gu\u00eda Rabia &#8211; Instituto Nacional &hellip; <a href=\"http:\/\/poultryimmunopathogenesis.com\/index.php\/enfermedades-infecciosas\/\" class=\"more-link\">Seguir leyendo <span class=\"screen-reader-text\">Enfermedades Infecciosas<\/span> <span class=\"meta-nav\">&rarr;<\/span><\/a><\/p>\n","protected":false},"author":2,"featured_media":0,"parent":0,"menu_order":0,"comment_status":"closed","ping_status":"closed","template":"","meta":{"_monsterinsights_skip_tracking":false,"_monsterinsights_sitenote_active":false,"_monsterinsights_sitenote_note":"","_monsterinsights_sitenote_category":0,"footnotes":""},"_links":{"self":[{"href":"http:\/\/poultryimmunopathogenesis.com\/index.php\/wp-json\/wp\/v2\/pages\/328"}],"collection":[{"href":"http:\/\/poultryimmunopathogenesis.com\/index.php\/wp-json\/wp\/v2\/pages"}],"about":[{"href":"http:\/\/poultryimmunopathogenesis.com\/index.php\/wp-json\/wp\/v2\/types\/page"}],"author":[{"embeddable":true,"href":"http:\/\/poultryimmunopathogenesis.com\/index.php\/wp-json\/wp\/v2\/users\/2"}],"replies":[{"embeddable":true,"href":"http:\/\/poultryimmunopathogenesis.com\/index.php\/wp-json\/wp\/v2\/comments?post=328"}],"version-history":[{"count":32,"href":"http:\/\/poultryimmunopathogenesis.com\/index.php\/wp-json\/wp\/v2\/pages\/328\/revisions"}],"predecessor-version":[{"id":668,"href":"http:\/\/poultryimmunopathogenesis.com\/index.php\/wp-json\/wp\/v2\/pages\/328\/revisions\/668"}],"wp:attachment":[{"href":"http:\/\/poultryimmunopathogenesis.com\/index.php\/wp-json\/wp\/v2\/media?parent=328"}],"curies":[{"name":"wp","href":"https:\/\/api.w.org\/{rel}","templated":true}]}}