{"id":129,"date":"2023-05-05T18:16:30","date_gmt":"2023-05-05T18:16:30","guid":{"rendered":"http:\/\/poultryimmunopathogenesis.com\/?page_id=129"},"modified":"2025-08-04T18:58:06","modified_gmt":"2025-08-04T18:58:06","slug":"proyectos-de-investigacion-libm","status":"publish","type":"page","link":"http:\/\/poultryimmunopathogenesis.com\/index.php\/proyectos-de-investigacion-libm\/","title":{"rendered":"Proyectos de Investigaci\u00f3n LIBM"},"content":{"rendered":"\n<p><strong>\u201cAn\u00e1lisis comparativo del microbioma cecal en gallinas ponedoras alojadas en sistemas de jaula convencional y libre de jaula en condiciones comerciales\u201d<\/strong><br><em>Proyecto Universidad del Tolima \u2013 Comit\u00e9 central de Investigaciones<\/em><br>Periodo de Trabajo: Julio 28 de 2025 (18 meses)<br>C\u00f3digo del proyecto N\u00b0: 230125.<br><br><strong>\u201cEfecto de los sistemas de producci\u00f3n de huevo en jaula y libre de jaula sobre la expresi\u00f3n g\u00e9nica de p\u00e9ptidos reguladores del consumo de alimento\u201d<\/strong><br><em>Proyecto Universidad del Tolima \u2013 AMEVEA<\/em><br>Periodo de Trabajo: noviembre 15 de 2023 a Agosto 2024 (8 meses)<br>C\u00f3digo del proyecto N\u00b0: 150623.<br><br>\u201c<strong>Caracterizaci\u00f3n molecular del resistoma en aislamientos bacterianos en infecciones cut\u00e1neas en caninos<\/strong>\u201d<br><em>Proyecto Universidad del Tolima \u2013 Comit\u00e9 central de Investigaciones<\/em><br>Periodo de Trabajo:\u00a0Mayo 10 de 2024\u00a0a Mayo 10 de 2025 (12 meses)<br>C\u00f3digo del proyecto N\u00b0: 60224.<br><br>\u201c<strong>Detecci\u00f3n molecular de\u00a0<em>Leptospira<\/em>\u00a0spp. En profesionales y practicantes de medicina veterinaria de Ibagu\u00e9 (Tolima), Colombia<\/strong>\u201d<br><em>Proyecto Universidad del Tolima \u2013 Comit\u00e9 central de Investigaciones<\/em><br>Periodo de Trabajo:\u00a0Mayo 10 de 2024\u00a0a Mayo 10 de 2025 (12 meses)<br>C\u00f3digo del proyecto N\u00b0: 50224.<br><br><strong>\u201cEfecto de los sistemas de producci\u00f3n de huevo en jaula y libre de jaula sobre la expresi\u00f3n g\u00e9nica de p\u00e9ptidos reguladores del consumo de alimento\u201d<\/strong><br>Proyecto Universidad del Tolima \u2013 Comit\u00e9 central de Investigaciones<br>Periodo de Trabajo: Marzo 8 de 2023 a Noviembre 2023 (8 meses)<br>C\u00f3digo del proyecto N\u00b0:\u00a0150123.<br><br><strong>\u201cPrevalencia e identificaci\u00f3n de mutaciones en serotipos circulantes del virus del dengue en la ciudad de Ibagu\u00e9, Tolima\u201d<\/strong><br><em>Proyecto Universidad del Tolima \u2013 Comit\u00e9 central de Investigaciones<\/em><br>Periodo de Trabajo: Mayo de 2022 a mayo 2023<br>C\u00f3digo del proyecto 650121<br><br><strong>\u201cAn\u00e1lisis comparativo del transcriptoma del bazo e h\u00edgado en gallinas alojadas en dos sistemas de producci\u00f3n de huevo (jaula convencional y libre de jaula), como herramienta para evaluar el bienestar animal\u201d<\/strong><br><em>Proyecto Universidad del Tolima \u2013 Comit\u00e9 central de Investigaciones<\/em><br>Periodo de Trabajo: mayo de 2022 a Diciembre 2023<br>C\u00f3digo del proyecto\u00a0\u00a0570121<br><br><strong>\u201cExpresi\u00f3n de los genes de la familia IGFS y sus posibles polimorfismos en ovocitos bovinos de las razas Gyr, Brahman y Romosinuano&#8221;<\/strong><br><em>Proyecto Universidad del Tolima \u2013 Comit\u00e9 central de Investigaciones<\/em><br>Periodo de Trabajo: agosto de 2021 al presente<br>C\u00f3digo del proyecto 50221<br><br><strong>\u201cExpresi\u00f3n g\u00e9nica del transcripto del gen HSF1, HSF2, HSF4, HSF5 y sus posibles polimorfismos en sangre de las razas Gyr, Brahman, Romosinuano y Holstein,&#8221;<\/strong><br><em>Proyecto Universidad del Tolima \u2013 Comit\u00e9 central de Investigaciones<\/em><br>Periodo de Trabajo: agosto de 2021 al presente<br>C\u00f3digo del proyecto 40221<br><br><strong>&#8220;Perfil de expresi\u00f3n de genes relacionados con la respuesta del estr\u00e9s t\u00e9rmico en sangre y oocitos en hembras de las razas Gyr y Brahman bajo dos condiciones clim\u00e1ticas&#8221;<\/strong><br><em>Proyecto Universidad del Tolima \u2013 Comit\u00e9 central de Investigaciones<\/em><br>Periodo de Trabajo: agosto de 2021 al presente<br>C\u00f3digo del proyecto 2021<br><br><strong>\u201cPerfil de expresi\u00f3n de genes relacionados con la respuesta del estr\u00e9s t\u00e9rmico en sangre y oocitos en hembras de las razas Gyr y Brahman bajo dos condiciones clim\u00e1ticas\u201d<\/strong><br><em>Proyecto Universidad del Tolima \u2013 Comit\u00e9 central de Investigaciones<\/em><br>Periodo de Trabajo: agosto de 2021 al presente<br>C\u00f3digo del proyecto\u00a030221<br><br>\u201c<strong>Generaci\u00f3n de valor agregado a trav\u00e9s del fortalecimiento en los procesos de producci\u00f3n, de investigaci\u00f3n y transferencia de tecnolog\u00eda para la innovaci\u00f3n en la cadena ovino caprina del departamento del Tolima<\/strong>\u201c<br><em>Proyecto Universidad del Tolima \u2013 Sistema General de Regal\u00edas\u00a0<\/em><br>Periodo de Trabajo: Junio de 2021 al presente<br>C\u00f3digo\u00a0BPIN 2020000100278<br><br>\u201c<strong>Determinaci\u00f3n de genes de virulencia en aislados de\u00a0<em>Salmonella<\/em>\u00a0spp. de origen animal y humano<\/strong>\u201d<br><em>Proyecto Universidad del Tolima \u2013 Comit\u00e9 central de Investigaciones<\/em><br>Periodo de Trabajo: abril de 2021 al presente<br>C\u00f3digo del proyecto\u00a060130521<br><br>\u201c<strong>Fortalecimiento de los niveles de bioseguridad y biocontenci\u00f3n del laboratorio de salud p\u00fablica del Tolima para la caracterizaci\u00f3n de microorganismos de alto riesgo enmarcado en la vigilancia en salud<\/strong>\u201c\u00a0<br><em>Proyecto Universidad del Tolima \u2013 Sistema General de Regal\u00edas\u00a0<\/em><br>Periodo de Trabajo: Junio de 2020 al presente<br>Convocatoria 009-2020 del Sistema General de Regalias (SGR) del fondo de CTeI del SGR para el fortalecimiento de laboratorios regionales.<br><br><strong>\u201cIdentificaci\u00f3n de biotipo bovino, mediante biotecnolog\u00eda molecular, adaptable al cambio clim\u00e1tico en el Departamento de C\u00f3rdoba, Caribe\u201d<\/strong><br><em>Proyecto Universidad del Tolima \u2013 Sistema General de Regal\u00edas\u00a0<\/em><br>Periodo de Trabajo: Junio de 2019 al presente<br>C\u00f3digo BPIN 2016000100026, convenio 50618<br><br><strong>\u201cDiagn\u00f3stico y caracterizaci\u00f3n molecular de\u00a0<em>Leishmania<\/em>\u00a0spp. en el municipio de Ibagu\u00e9, Tolima\u201d<\/strong><br><em>Proyecto Universidad del Tolima \u2013 Secretaria de Salud Municipal de Ibagu\u00e9, Alcald\u00eda de Ibagu\u00e9<\/em><br>Convenio 2239 del 25 de junio de 2019, c\u00f3digo del proyecto 060619<br>Periodo de Trabajo: Junio de 2019 al Diciembre de 2019<br><br><strong>\u201cClonaci\u00f3n y caracterizaci\u00f3n molecular del transcripto del gen de la prote\u00edna ac\u00eddica fibrilar glial en cachama blanca,\u00a0<em>Piaractus brachypomus<\/em>.\u201d<\/strong><br><em>Proyecto Universidad del Tolima \u2013 Comit\u00e9 central de Investigaciones<\/em><br>Periodo de Trabajo: Septiembre de 2018 al presente<br>C\u00f3digo del proyecto 310130517<br><br>\u201c<strong>Genomic and transcriptomic analysis for the selection of candidate genes associated with meat quality and fertility in porcine and analysis of their differential gene expression in meat and spermatozoa.\u201d<\/strong><br><em>Proyecto Universidad del Tolima \u2013 Comit\u00e9 central de Investigaciones -COLCIENCIAS<\/em><br>Periodo de Trabajo: Septiembre de 2017 al presente<br>C\u00f3digo del proyecto 90219<br><br>\u201c<strong>Comparative assessment of two egg production systems (conventional cage and cage-free) on performance and hen welfare in commercial conditions in the Tolima region.\u201d<\/strong><br><em>Proyecto Universidad del Tolima \u2013 Comit\u00e9 central de Investigaciones -COLCIENCIAS<\/em><br>Periodo de Trabajo: Septiembre de 2017 al presente<br>C\u00f3digo del proyecto\u00a0130219<br><br>\u201c<strong>Epidemiolog\u00eda molecular de\u00a0<em>Salmonella<\/em>\u00a0spp. aislada de la cadena av\u00edcola en el Tolima.\u201d<\/strong><br><em>Proyecto Universidad del Tolima \u2013 Comit\u00e9 central de Investigaciones<\/em><br>Periodo de Trabajo: octubre de 2013 a Junio de 2016<br><br><strong>\u201cEvaluaci\u00f3n fenot\u00edpica y genot\u00edpica de la resistencia a antibi\u00f3ticos en especies de\u00a0<em>Salmonella<\/em>\u00a0spp., aisladas de la cadena av\u00edcola del Tolima.\u201d<\/strong><br><em>Proyecto Universidad del Tolima \u2013 Comit\u00e9 central de Investigaciones<\/em><br>Periodo de Trabajo: octubre de 2013 a agosto de 2015<br><br><strong>\u201cUso de Multilocus Sequence Typing (MLST) en la tipificaci\u00f3n molecular de\u00a0<em>Salmonella<\/em>\u00a0spp. aisladas de la cadena av\u00edcola en el Tolima.\u201d<\/strong><br><em>Proyecto Universidad del Tolima \u2013 Comit\u00e9 central de Investigaciones<\/em><br>Periodo de Trabajo: octubre de 2013 a Febrero de 2017<br><br>\u201c<strong>Detecci\u00f3n y caracterizaci\u00f3n del Circovirus porcino tipo 2 (PCV2) circulante en cerdos del Departamento del Tolima y Huila.<\/strong>&#8220;<br><em>Proyecto Universidad del Tolima \u2013 Fondo de Regal\u00edas<\/em><br>Periodo de Trabajo: octubre de 2016 a agosto de 2018<br><br>\u201c<strong>Diagn\u00f3stico y caracterizaci\u00f3n molecular de\u00a0<em>Leishmania<\/em>\u00a0spp en caninos en regiones end\u00e9micas del Tolima y Huila.\u201d<\/strong><br><em>Proyecto Universidad del Tolima \u2013\u00a0Comit\u00e9 central de Investigaciones<\/em><br>Periodo de Trabajo: Junio de 2014 a diciembre de 2017<br><br>\u201c<strong>Estudio piloto de detecci\u00f3n del virus de la rabia en quir\u00f3pteros rurales en Ibagu\u00e9, departamento del Tolima.\u201d<\/strong><br><em>Proyecto Universidad del Tolima \u2013 Comit\u00e9 central de Investigaciones<\/em><br>Periodo de Trabajo: agosto de 2014 a diciembre de 2017<br><br>\u201c<strong>Caracterizaci\u00f3n bioqu\u00edmica y molecular de\u00a0<em>Trueperella<\/em>\u00a0(<em>Arcanobacterium<\/em>)\u00a0<em>pyogenes<\/em>\u00a0causante de abscesos en cerdos.<\/strong><br><em>Proyecto Universidad del Tolima \u2013 Comit\u00e9 central de Investigaciones<\/em><br>Periodo de Trabajo:\u00a0agosto de 2014 a diciembre de 2017<br><br><strong>\u201cEvaluaci\u00f3n neurotoxicol\u00f3gica e inmunol\u00f3gica de los efectos ocasionados por organofosforados tipo oxon (Clorpirifos y Triclorfon) en un modelo inducido experimentalmente en cachama blanca (<em>Piaractus brachypomus<\/em>)\u201d<\/strong><br><em>Proyecto Universidad del Tolima \u2013 Comit\u00e9 central de Investigaciones<\/em><br>Periodo de Trabajo: octubre de 2011 al octubre 2013<br><br>\u201c<strong>Determinaci\u00f3n de la prevalencia de\u00a0<em>Salmonella spp\u00a0<\/em>y cuantificaci\u00f3n de factores de riesgo asociados a su presencia en carne porcina del Departamento del Tolima.\u201d<\/strong><br>C\u00f3digo MADR: 040 2008W4497-3594 C\u00f3digo UT: 210108<br><em>Proyecto Universidad del Tolima \u2013 Ministerio de Agricultura y Desarrollo Rural \u2013 Asociaci\u00f3n Colombiana de Porcicultores<\/em><br>Periodo de Trabajo: agosto de 2009 al octubre de 2011<br><br>\u201c<strong>Evaluaci\u00f3n epidemiol\u00f3gica de la presencia de\u00a0<em>Salmonella spp<\/em>\u00a0y determinaci\u00f3n de factores de riesgo asociados a su presentaci\u00f3n en granjas del Departamento del Tolima<\/strong>\u201d<br>C\u00f3digo MADR: 040 2008W4497-3594<br><em>Proyecto Universidad del Tolima \u2013 Ministerio de Agricultura y Desarrollo Rural \u2013 Asociaci\u00f3n Colombiana de Porcicultores<\/em><br>Periodo de Trabajo: agosto de 2009 \u2013 diciembre de 2010<\/p>\n\n\n\n<p><br><br><\/p>\n\n\n\n<p><br><br><\/p>\n","protected":false},"excerpt":{"rendered":"<p>\u201cAn\u00e1lisis comparativo del microbioma cecal en gallinas ponedoras alojadas en sistemas de jaula convencional y libre de jaula en condiciones comerciales\u201dProyecto Universidad del Tolima \u2013 Comit\u00e9 central de InvestigacionesPeriodo de Trabajo: Julio 28 de 2025 (18 meses)C\u00f3digo del proyecto N\u00b0: 230125. \u201cEfecto de los sistemas de producci\u00f3n de huevo en jaula y libre de jaula &hellip; <a href=\"http:\/\/poultryimmunopathogenesis.com\/index.php\/proyectos-de-investigacion-libm\/\" class=\"more-link\">Seguir leyendo <span class=\"screen-reader-text\">Proyectos de Investigaci\u00f3n LIBM<\/span> <span class=\"meta-nav\">&rarr;<\/span><\/a><\/p>\n","protected":false},"author":1,"featured_media":0,"parent":0,"menu_order":0,"comment_status":"closed","ping_status":"closed","template":"","meta":{"_monsterinsights_skip_tracking":false,"_monsterinsights_sitenote_active":false,"_monsterinsights_sitenote_note":"","_monsterinsights_sitenote_category":0,"footnotes":""},"_links":{"self":[{"href":"http:\/\/poultryimmunopathogenesis.com\/index.php\/wp-json\/wp\/v2\/pages\/129"}],"collection":[{"href":"http:\/\/poultryimmunopathogenesis.com\/index.php\/wp-json\/wp\/v2\/pages"}],"about":[{"href":"http:\/\/poultryimmunopathogenesis.com\/index.php\/wp-json\/wp\/v2\/types\/page"}],"author":[{"embeddable":true,"href":"http:\/\/poultryimmunopathogenesis.com\/index.php\/wp-json\/wp\/v2\/users\/1"}],"replies":[{"embeddable":true,"href":"http:\/\/poultryimmunopathogenesis.com\/index.php\/wp-json\/wp\/v2\/comments?post=129"}],"version-history":[{"count":4,"href":"http:\/\/poultryimmunopathogenesis.com\/index.php\/wp-json\/wp\/v2\/pages\/129\/revisions"}],"predecessor-version":[{"id":600,"href":"http:\/\/poultryimmunopathogenesis.com\/index.php\/wp-json\/wp\/v2\/pages\/129\/revisions\/600"}],"wp:attachment":[{"href":"http:\/\/poultryimmunopathogenesis.com\/index.php\/wp-json\/wp\/v2\/media?parent=129"}],"curies":[{"name":"wp","href":"https:\/\/api.w.org\/{rel}","templated":true}]}}